{"id":34,"date":"2015-10-09T19:05:07","date_gmt":"2015-10-09T19:05:07","guid":{"rendered":"http:\/\/www.iecomplex.com.br\/?page_id=34"},"modified":"2022-12-19T15:21:46","modified_gmt":"2022-12-19T15:21:46","slug":"fotos","status":"publish","type":"page","link":"https:\/\/iecomplex.com.br\/en\/fotos\/","title":{"rendered":"Photos"},"content":{"rendered":"<p><a href=\"http:\/\/www.iecomplex.com.br\/wp-content\/uploads\/2015\/10\/WhatsApp-Image-2022-12-06-at-18.07.52-3.jpeg\" title=\"Inaugura\u00e7\u00e3o do HAAVE na sede da Defensoria P\u00fablica do Rio de Janeiro\"><img loading=\"lazy\" decoding=\"async\" src=\"http:\/\/www.iecomplex.com.br\/wp-content\/uploads\/2015\/10\/WhatsApp-Image-2022-12-06-at-18.07.52-3-300x157.jpeg\" alt=\"Inaugura\u00e7\u00e3o do HAAVE na sede da Defensoria P\u00fablica do Rio de Janeiro\" width=\"300\" height=\"157\" class=\"alignnone size-medium wp-image-1041\" srcset=\"\/wp-content\/uploads\/2015\/10\/WhatsApp-Image-2022-12-06-at-18.07.52-3-300x157.jpeg 300w, \/wp-content\/uploads\/2015\/10\/WhatsApp-Image-2022-12-06-at-18.07.52-3.jpeg 1024w\" sizes=\"auto, (max-width: 300px) 100vw, 300px\" \/><\/a><a href=\"http:\/\/www.iecomplex.com.br\/wp-content\/uploads\/2015\/10\/WhatsApp-Image-2022-12-06-at-18.07.52.jpeg\"><img loading=\"lazy\" decoding=\"async\" src=\"http:\/\/www.iecomplex.com.br\/wp-content\/uploads\/2015\/10\/WhatsApp-Image-2022-12-06-at-18.07.52-300x225.jpeg\" alt=\"WhatsApp Image 2022-12-06 at 18.07.52\" width=\"300\" height=\"225\" class=\"alignnone size-medium wp-image-1042\" srcset=\"\/wp-content\/uploads\/2015\/10\/WhatsApp-Image-2022-12-06-at-18.07.52-300x225.jpeg 300w, \/wp-content\/uploads\/2015\/10\/WhatsApp-Image-2022-12-06-at-18.07.52.jpeg 1024w\" sizes=\"auto, (max-width: 300px) 100vw, 300px\" \/><\/a><a href=\"http:\/\/www.iecomplex.com.br\/wp-content\/uploads\/2015\/10\/WhatsApp-Image-2022-12-06-at-18.07.52-2.jpeg\" data-fancybox-title=\"Lan\u00e7amento da Rede RAAVE (Rede de Aten\u00e7\u00e3o a pessoas Afetadas por Viol\u00eancia de Estado), no dia 14 de setembro, de 2022, no Audit\u00f3rio da Defensoria P\u00fablica do Rio de Janeiro. O IEC foi representado por Luciano Dias, Diretor da Cl\u00ednica Social de Psican\u00e1lise do IEC.\"><img loading=\"lazy\" decoding=\"async\" src=\"http:\/\/www.iecomplex.com.br\/wp-content\/uploads\/2015\/10\/WhatsApp-Image-2022-12-06-at-18.07.52-2-300x185.jpeg\" alt=\"Lan\u00e7amento da Rede RAAVE (Rede de Aten\u00e7\u00e3o a pessoas Afetadas por Viol\u00eancia de Estado), no dia 14 de setembro, de 2022, no Audit\u00f3rio da Defensoria P\u00fablica do Rio de Janeiro. O IEC foi representado por Luciano Dias, Diretor da Cl\u00ednica Social de Psican\u00e1lise do IEC.\" width=\"300\" height=\"185\" class=\"alignnone size-medium wp-image-1040\" srcset=\"\/wp-content\/uploads\/2015\/10\/WhatsApp-Image-2022-12-06-at-18.07.52-2-300x185.jpeg 300w, \/wp-content\/uploads\/2015\/10\/WhatsApp-Image-2022-12-06-at-18.07.52-2.jpeg 1024w\" sizes=\"auto, (max-width: 300px) 100vw, 300px\" \/><\/a><a href=\"http:\/\/www.iecomplex.com.br\/wp-content\/uploads\/2015\/10\/WhatsApp-Image-2022-12-06-at-18.07.52-1.jpeg\"><img loading=\"lazy\" decoding=\"async\" src=\"http:\/\/www.iecomplex.com.br\/wp-content\/uploads\/2015\/10\/WhatsApp-Image-2022-12-06-at-18.07.52-1-300x268.jpeg\" alt=\"WhatsApp Image 2022-12-06 at 18.07.52 (1)\" width=\"300\" height=\"268\" class=\"alignnone size-medium wp-image-1039\" srcset=\"\/wp-content\/uploads\/2015\/10\/WhatsApp-Image-2022-12-06-at-18.07.52-1-300x268.jpeg 300w, \/wp-content\/uploads\/2015\/10\/WhatsApp-Image-2022-12-06-at-18.07.52-1.jpeg 1024w\" sizes=\"auto, (max-width: 300px) 100vw, 300px\" \/><\/a><a href=\"http:\/\/www.iecomplex.com.br\/wp-content\/uploads\/2015\/10\/image10.jpg\" title=\"Assinatura de nova dire\u00e7\u00e3o IEC\"><img loading=\"lazy\" decoding=\"async\" class=\"alignnone wp-image-320\" src=\"http:\/\/www.iecomplex.com.br\/wp-content\/uploads\/2015\/10\/image10.jpg\" alt=\"image10\" width=\"200\" height=\"142\" \/><\/a> <a href=\"http:\/\/www.iecomplex.com.br\/wp-content\/uploads\/2015\/10\/image1.jpg\"><img loading=\"lazy\" decoding=\"async\" class=\"alignnone wp-image-319\" src=\"http:\/\/www.iecomplex.com.br\/wp-content\/uploads\/2015\/10\/image1.jpg\" alt=\"image1\" width=\"200\" height=\"133\" \/><\/a> <a href=\"http:\/\/www.iecomplex.com.br\/wp-content\/uploads\/2015\/10\/image3.jpg\"><img loading=\"lazy\" decoding=\"async\" class=\"alignnone wp-image-318\" src=\"http:\/\/www.iecomplex.com.br\/wp-content\/uploads\/2015\/10\/image3.jpg\" alt=\"image3\" width=\"200\" height=\"132\" \/><\/a> <a href=\"http:\/\/www.iecomplex.com.br\/wp-content\/uploads\/2015\/10\/image2.jpg\"><img loading=\"lazy\" decoding=\"async\" class=\"alignnone wp-image-317\" src=\"http:\/\/www.iecomplex.com.br\/wp-content\/uploads\/2015\/10\/image2.jpg\" alt=\"image2\" width=\"200\" height=\"139\" \/><\/a> <a href=\"http:\/\/www.iecomplex.com.br\/wp-content\/uploads\/2015\/10\/image4.jpg\"><img loading=\"lazy\" decoding=\"async\" class=\"alignnone wp-image-316\" src=\"http:\/\/www.iecomplex.com.br\/wp-content\/uploads\/2015\/10\/image4.jpg\" alt=\"image4\" width=\"200\" height=\"136\" \/><\/a> <a href=\"http:\/\/www.iecomplex.com.br\/wp-content\/uploads\/2015\/10\/image5.jpg\"><img loading=\"lazy\" decoding=\"async\" class=\"alignnone wp-image-315\" src=\"http:\/\/www.iecomplex.com.br\/wp-content\/uploads\/2015\/10\/image5.jpg\" alt=\"image5\" width=\"200\" height=\"109\" \/><\/a> <a href=\"http:\/\/www.iecomplex.com.br\/wp-content\/uploads\/2015\/10\/image6.jpg\"><img loading=\"lazy\" decoding=\"async\" class=\"alignnone wp-image-314\" src=\"http:\/\/www.iecomplex.com.br\/wp-content\/uploads\/2015\/10\/image6.jpg\" alt=\"image6\" width=\"200\" height=\"121\" \/><\/a> <a href=\"http:\/\/www.iecomplex.com.br\/wp-content\/uploads\/2015\/10\/image7.jpg\"><img loading=\"lazy\" decoding=\"async\" class=\"alignnone wp-image-313\" src=\"http:\/\/www.iecomplex.com.br\/wp-content\/uploads\/2015\/10\/image7.jpg\" alt=\"image7\" width=\"200\" height=\"125\" \/><\/a> <a href=\"http:\/\/www.iecomplex.com.br\/wp-content\/uploads\/2015\/10\/image9.jpg\"><img loading=\"lazy\" decoding=\"async\" class=\"alignnone wp-image-312\" src=\"http:\/\/www.iecomplex.com.br\/wp-content\/uploads\/2015\/10\/image9.jpg\" alt=\"image9\" width=\"200\" height=\"143\" \/><\/a> <a href=\"http:\/\/www.iecomplex.com.br\/wp-content\/uploads\/2015\/10\/image8.jpg\"><img loading=\"lazy\" decoding=\"async\" class=\"alignnone wp-image-311\" src=\"http:\/\/www.iecomplex.com.br\/wp-content\/uploads\/2015\/10\/image8.jpg\" alt=\"image8\" width=\"200\" height=\"105\" \/><\/a><\/p>","protected":false},"excerpt":{"rendered":"","protected":false},"author":1,"featured_media":0,"parent":0,"menu_order":0,"comment_status":"closed","ping_status":"closed","template":"","meta":{"footnotes":""},"class_list":["post-34","page","type-page","status-publish","hentry"],"_links":{"self":[{"href":"https:\/\/iecomplex.com.br\/en\/wp-json\/wp\/v2\/pages\/34","targetHints":{"allow":["GET"]}}],"collection":[{"href":"https:\/\/iecomplex.com.br\/en\/wp-json\/wp\/v2\/pages"}],"about":[{"href":"https:\/\/iecomplex.com.br\/en\/wp-json\/wp\/v2\/types\/page"}],"author":[{"embeddable":true,"href":"https:\/\/iecomplex.com.br\/en\/wp-json\/wp\/v2\/users\/1"}],"replies":[{"embeddable":true,"href":"https:\/\/iecomplex.com.br\/en\/wp-json\/wp\/v2\/comments?post=34"}],"version-history":[{"count":33,"href":"https:\/\/iecomplex.com.br\/en\/wp-json\/wp\/v2\/pages\/34\/revisions"}],"predecessor-version":[{"id":1057,"href":"https:\/\/iecomplex.com.br\/en\/wp-json\/wp\/v2\/pages\/34\/revisions\/1057"}],"wp:attachment":[{"href":"https:\/\/iecomplex.com.br\/en\/wp-json\/wp\/v2\/media?parent=34"}],"curies":[{"name":"wp","href":"https:\/\/api.w.org\/{rel}","templated":true}]}}