{"id":1084,"date":"2023-10-06T14:52:50","date_gmt":"2023-10-06T14:52:50","guid":{"rendered":"https:\/\/iecomplex.com.br\/?page_id=1084"},"modified":"2026-03-31T10:57:27","modified_gmt":"2026-03-31T10:57:27","slug":"clinica-social-de-psicanalise-ficha-de-inscricao","status":"publish","type":"page","link":"https:\/\/iecomplex.com.br\/es\/clinica-social-de-psicanalise-ficha-de-inscricao\/","title":{"rendered":"CL\u00cdNICA SOCIAL DE PSICAN\u00c1LISE &#8211; FICHA DE INSCRI\u00c7\u00c3O"},"content":{"rendered":"<p class=\"qtranxs-available-languages-message qtranxs-available-languages-message-es\">Disculpa, pero esta entrada est\u00e1 disponible s\u00f3lo en <a href=\"https:\/\/iecomplex.com.br\/pb\/wp-json\/wp\/v2\/pages\/1084\" class=\"qtranxs-available-language-link qtranxs-available-language-link-pb\" title=\"Portugu\u00eas\">Portugu\u00eas<\/a>.<\/p>","protected":false},"excerpt":{"rendered":"","protected":false},"author":1,"featured_media":0,"parent":0,"menu_order":0,"comment_status":"closed","ping_status":"closed","template":"","meta":{"footnotes":""},"class_list":["post-1084","page","type-page","status-publish","hentry"],"_links":{"self":[{"href":"https:\/\/iecomplex.com.br\/es\/wp-json\/wp\/v2\/pages\/1084","targetHints":{"allow":["GET"]}}],"collection":[{"href":"https:\/\/iecomplex.com.br\/es\/wp-json\/wp\/v2\/pages"}],"about":[{"href":"https:\/\/iecomplex.com.br\/es\/wp-json\/wp\/v2\/types\/page"}],"author":[{"embeddable":true,"href":"https:\/\/iecomplex.com.br\/es\/wp-json\/wp\/v2\/users\/1"}],"replies":[{"embeddable":true,"href":"https:\/\/iecomplex.com.br\/es\/wp-json\/wp\/v2\/comments?post=1084"}],"version-history":[{"count":10,"href":"https:\/\/iecomplex.com.br\/es\/wp-json\/wp\/v2\/pages\/1084\/revisions"}],"predecessor-version":[{"id":1179,"href":"https:\/\/iecomplex.com.br\/es\/wp-json\/wp\/v2\/pages\/1084\/revisions\/1179"}],"wp:attachment":[{"href":"https:\/\/iecomplex.com.br\/es\/wp-json\/wp\/v2\/media?parent=1084"}],"curies":[{"name":"wp","href":"https:\/\/api.w.org\/{rel}","templated":true}]}}