{"id":44,"date":"2015-10-09T19:09:17","date_gmt":"2015-10-09T19:09:17","guid":{"rendered":"http:\/\/www.iecomplex.com.br\/?page_id=44"},"modified":"2016-07-04T22:21:55","modified_gmt":"2016-07-04T22:21:55","slug":"noticias","status":"publish","type":"page","link":"https:\/\/iecomplex.com.br\/es\/noticias\/","title":{"rendered":"Not\u00edcias"},"content":{"rendered":"<p class=\"qtranxs-available-languages-message qtranxs-available-languages-message-es\">Disculpa, pero esta entrada est\u00e1 disponible s\u00f3lo en <a href=\"https:\/\/iecomplex.com.br\/pb\/wp-json\/wp\/v2\/pages\/44\" class=\"qtranxs-available-language-link qtranxs-available-language-link-pb\" title=\"Portugu\u00eas\">Portugu\u00eas<\/a>.<\/p>","protected":false},"excerpt":{"rendered":"<p>Disculpa, pero esta entrada est\u00e1 disponible s\u00f3lo en Portugu\u00eas.<\/p>\n","protected":false},"author":1,"featured_media":0,"parent":0,"menu_order":0,"comment_status":"closed","ping_status":"closed","template":"page-noticias.php","meta":{"footnotes":""},"class_list":["post-44","page","type-page","status-publish","hentry"],"_links":{"self":[{"href":"https:\/\/iecomplex.com.br\/es\/wp-json\/wp\/v2\/pages\/44","targetHints":{"allow":["GET"]}}],"collection":[{"href":"https:\/\/iecomplex.com.br\/es\/wp-json\/wp\/v2\/pages"}],"about":[{"href":"https:\/\/iecomplex.com.br\/es\/wp-json\/wp\/v2\/types\/page"}],"author":[{"embeddable":true,"href":"https:\/\/iecomplex.com.br\/es\/wp-json\/wp\/v2\/users\/1"}],"replies":[{"embeddable":true,"href":"https:\/\/iecomplex.com.br\/es\/wp-json\/wp\/v2\/comments?post=44"}],"version-history":[{"count":3,"href":"https:\/\/iecomplex.com.br\/es\/wp-json\/wp\/v2\/pages\/44\/revisions"}],"predecessor-version":[{"id":680,"href":"https:\/\/iecomplex.com.br\/es\/wp-json\/wp\/v2\/pages\/44\/revisions\/680"}],"wp:attachment":[{"href":"https:\/\/iecomplex.com.br\/es\/wp-json\/wp\/v2\/media?parent=44"}],"curies":[{"name":"wp","href":"https:\/\/api.w.org\/{rel}","templated":true}]}}