{"id":511,"date":"2015-10-24T14:20:17","date_gmt":"2015-10-24T14:20:17","guid":{"rendered":"http:\/\/www.iecomplex.com.br\/?page_id=511"},"modified":"2019-02-25T11:51:19","modified_gmt":"2019-02-25T11:51:19","slug":"clinica-social-de-psicanalise","status":"publish","type":"page","link":"https:\/\/iecomplex.com.br\/es\/clinica-social-de-psicanalise\/","title":{"rendered":"Clinic"},"content":{"rendered":"<p class=\"qtranxs-available-languages-message qtranxs-available-languages-message-es\">Disculpa, pero esta entrada est\u00e1 disponible s\u00f3lo en <a href=\"https:\/\/iecomplex.com.br\/pb\/wp-json\/wp\/v2\/pages\/511\" class=\"qtranxs-available-language-link qtranxs-available-language-link-pb\" title=\"Portugu\u00eas\">Portugu\u00eas<\/a> y <a href=\"https:\/\/iecomplex.com.br\/fr\/wp-json\/wp\/v2\/pages\/511\" class=\"qtranxs-available-language-link qtranxs-available-language-link-fr\" title=\"Fran\u00e7ais\">Fran\u00e7ais<\/a>.<\/p>","protected":false},"excerpt":{"rendered":"<p>Disculpa, pero esta entrada est\u00e1 disponible s\u00f3lo en Portugu\u00eas y Fran\u00e7ais.<\/p>\n","protected":false},"author":1,"featured_media":0,"parent":0,"menu_order":0,"comment_status":"closed","ping_status":"closed","template":"","meta":{"footnotes":""},"class_list":["post-511","page","type-page","status-publish","hentry"],"_links":{"self":[{"href":"https:\/\/iecomplex.com.br\/es\/wp-json\/wp\/v2\/pages\/511","targetHints":{"allow":["GET"]}}],"collection":[{"href":"https:\/\/iecomplex.com.br\/es\/wp-json\/wp\/v2\/pages"}],"about":[{"href":"https:\/\/iecomplex.com.br\/es\/wp-json\/wp\/v2\/types\/page"}],"author":[{"embeddable":true,"href":"https:\/\/iecomplex.com.br\/es\/wp-json\/wp\/v2\/users\/1"}],"replies":[{"embeddable":true,"href":"https:\/\/iecomplex.com.br\/es\/wp-json\/wp\/v2\/comments?post=511"}],"version-history":[{"count":13,"href":"https:\/\/iecomplex.com.br\/es\/wp-json\/wp\/v2\/pages\/511\/revisions"}],"predecessor-version":[{"id":865,"href":"https:\/\/iecomplex.com.br\/es\/wp-json\/wp\/v2\/pages\/511\/revisions\/865"}],"wp:attachment":[{"href":"https:\/\/iecomplex.com.br\/es\/wp-json\/wp\/v2\/media?parent=511"}],"curies":[{"name":"wp","href":"https:\/\/api.w.org\/{rel}","templated":true}]}}