{"id":30,"date":"2015-10-09T19:03:21","date_gmt":"2015-10-09T19:03:21","guid":{"rendered":"http:\/\/www.iecomplex.com.br\/?page_id=30"},"modified":"2020-07-10T17:22:53","modified_gmt":"2020-07-10T17:22:53","slug":"projetos","status":"publish","type":"page","link":"https:\/\/iecomplex.com.br\/fr\/projetos\/","title":{"rendered":"Projetos"},"content":{"rendered":"<p class=\"qtranxs-available-languages-message qtranxs-available-languages-message-fr\">D\u00e9sol\u00e9, cet article est seulement disponible en <a href=\"https:\/\/iecomplex.com.br\/pb\/wp-json\/wp\/v2\/pages\/30\" class=\"qtranxs-available-language-link qtranxs-available-language-link-pb\" title=\"Portugu\u00eas\">Portugu\u00eas<\/a>.<\/p>","protected":false},"excerpt":{"rendered":"<p>D\u00e9sol\u00e9, cet article est seulement disponible en Portugu\u00eas.<\/p>\n","protected":false},"author":1,"featured_media":0,"parent":0,"menu_order":0,"comment_status":"closed","ping_status":"closed","template":"","meta":{"footnotes":""},"class_list":["post-30","page","type-page","status-publish","hentry"],"_links":{"self":[{"href":"https:\/\/iecomplex.com.br\/fr\/wp-json\/wp\/v2\/pages\/30","targetHints":{"allow":["GET"]}}],"collection":[{"href":"https:\/\/iecomplex.com.br\/fr\/wp-json\/wp\/v2\/pages"}],"about":[{"href":"https:\/\/iecomplex.com.br\/fr\/wp-json\/wp\/v2\/types\/page"}],"author":[{"embeddable":true,"href":"https:\/\/iecomplex.com.br\/fr\/wp-json\/wp\/v2\/users\/1"}],"replies":[{"embeddable":true,"href":"https:\/\/iecomplex.com.br\/fr\/wp-json\/wp\/v2\/comments?post=30"}],"version-history":[{"count":14,"href":"https:\/\/iecomplex.com.br\/fr\/wp-json\/wp\/v2\/pages\/30\/revisions"}],"predecessor-version":[{"id":911,"href":"https:\/\/iecomplex.com.br\/fr\/wp-json\/wp\/v2\/pages\/30\/revisions\/911"}],"wp:attachment":[{"href":"https:\/\/iecomplex.com.br\/fr\/wp-json\/wp\/v2\/media?parent=30"}],"curies":[{"name":"wp","href":"https:\/\/api.w.org\/{rel}","templated":true}]}}