{"id":529,"date":"2015-10-24T20:32:40","date_gmt":"2015-10-24T20:32:40","guid":{"rendered":"http:\/\/www.iecomplex.com.br\/?page_id=529"},"modified":"2019-02-25T11:51:53","modified_gmt":"2019-02-25T11:51:53","slug":"objetivos","status":"publish","type":"page","link":"https:\/\/iecomplex.com.br\/fr\/objetivos\/","title":{"rendered":"Clinica: Objetivos"},"content":{"rendered":"<p class=\"qtranxs-available-languages-message qtranxs-available-languages-message-fr\">D\u00e9sol\u00e9, cet article est seulement disponible en <a href=\"https:\/\/iecomplex.com.br\/pb\/wp-json\/wp\/v2\/pages\/529\" class=\"qtranxs-available-language-link qtranxs-available-language-link-pb\" title=\"Portugu\u00eas\">Portugu\u00eas<\/a>.<\/p>","protected":false},"excerpt":{"rendered":"<p>D\u00e9sol\u00e9, cet article est seulement disponible en Portugu\u00eas.<\/p>\n","protected":false},"author":1,"featured_media":0,"parent":0,"menu_order":0,"comment_status":"closed","ping_status":"closed","template":"","meta":{"footnotes":""},"class_list":["post-529","page","type-page","status-publish","hentry"],"_links":{"self":[{"href":"https:\/\/iecomplex.com.br\/fr\/wp-json\/wp\/v2\/pages\/529","targetHints":{"allow":["GET"]}}],"collection":[{"href":"https:\/\/iecomplex.com.br\/fr\/wp-json\/wp\/v2\/pages"}],"about":[{"href":"https:\/\/iecomplex.com.br\/fr\/wp-json\/wp\/v2\/types\/page"}],"author":[{"embeddable":true,"href":"https:\/\/iecomplex.com.br\/fr\/wp-json\/wp\/v2\/users\/1"}],"replies":[{"embeddable":true,"href":"https:\/\/iecomplex.com.br\/fr\/wp-json\/wp\/v2\/comments?post=529"}],"version-history":[{"count":7,"href":"https:\/\/iecomplex.com.br\/fr\/wp-json\/wp\/v2\/pages\/529\/revisions"}],"predecessor-version":[{"id":866,"href":"https:\/\/iecomplex.com.br\/fr\/wp-json\/wp\/v2\/pages\/529\/revisions\/866"}],"wp:attachment":[{"href":"https:\/\/iecomplex.com.br\/fr\/wp-json\/wp\/v2\/media?parent=529"}],"curies":[{"name":"wp","href":"https:\/\/api.w.org\/{rel}","templated":true}]}}